


{"id":25225,"date":"2021-02-09T12:44:15","date_gmt":"2021-02-09T20:44:15","guid":{"rendered":"https:\/\/expressplay.local\/?page_id=25225"},"modified":"2023-06-06T02:04:41","modified_gmt":"2023-06-06T09:04:41","slug":"anti-piracy","status":"publish","type":"page","link":"https:\/\/www.expressplay.com\/es\/products\/anti-piracy\/","title":{"rendered":"Anti pirater\u00eda"},"content":{"rendered":"<p style=\"text-align: justify;\">ExpressPlay Anti-Piracy Services incorpora protecci\u00f3n de contenido que incluye monitoreo de pirater\u00eda web y cumplimiento legal para contenido lineal, en vivo y VOD. El enfoque combina el monitoreo de la pirater\u00eda web mediante huellas dactilares con marcas de agua forenses que respaldan la extracci\u00f3n r\u00e1pida de cargas \u00fatiles en contenido pirateado. ExpressPlay Anti-Piracy Services permite una protecci\u00f3n integral de contenido en vivo y bajo demanda. Esto permite que las aplicaciones de marcas de agua se administren junto con cualquier servicio multi-DRM, incluido ExpressPlay DRM.<\/p>\n<p style=\"text-align: justify;\">Los servicios antipirater\u00eda de ExpressPlay incluyen opciones de marcas de agua tanto del lado del cliente como del lado del servidor utilizando la mejor tecnolog\u00eda de su clase. El servicio ampl\u00eda el \u00e1mbito de seguridad de extremo a extremo m\u00e1s all\u00e1 de DRM al combinar marcas de agua, monitoreo de contenido web y cumplimiento legal.<\/p>\n<p style=\"text-align: justify;\">El servicio antipirater\u00eda combina marcas de agua, monitoreo de contenido web y cumplimiento legal, impulsado por Friend MTS. El monitoreo opera a escala masiva, protegiendo canales lineales, eventos en vivo y contenido VOD. La ventaja clave es la capacidad de desactivar r\u00e1pidamente los servicios ilegales de transmisi\u00f3n en vivo.<\/p>","protected":false},"excerpt":{"rendered":"<p>ExpressPlay Anti-Piracy Services incorporates content protection that features web piracy monitoring and legal enforcement for linear, live, and VOD content. The approach combines web piracy monitoring using fingerprinting with forensic watermarking that supports fast extraction of payloads in pirated content. ExpressPlay Anti-Piracy Services enables a holistic live and on-demand content protection. This allows watermarking applications [&hellip;]<\/p>\n","protected":false},"author":124,"featured_media":0,"parent":234,"menu_order":0,"comment_status":"closed","ping_status":"closed","template":"page-products-expressplay-anti-piracy.php","meta":{"_acf_changed":false,"footnotes":""},"tax_page_type":[593,596],"coauthors":[621],"class_list":["post-25225","page","type-page","status-publish","hentry"],"acf":[],"_links":{"self":[{"href":"https:\/\/www.expressplay.com\/es\/wp-json\/wp\/v2\/pages\/25225","targetHints":{"allow":["GET"]}}],"collection":[{"href":"https:\/\/www.expressplay.com\/es\/wp-json\/wp\/v2\/pages"}],"about":[{"href":"https:\/\/www.expressplay.com\/es\/wp-json\/wp\/v2\/types\/page"}],"author":[{"embeddable":true,"href":"https:\/\/www.expressplay.com\/es\/wp-json\/wp\/v2\/users\/124"}],"replies":[{"embeddable":true,"href":"https:\/\/www.expressplay.com\/es\/wp-json\/wp\/v2\/comments?post=25225"}],"version-history":[{"count":0,"href":"https:\/\/www.expressplay.com\/es\/wp-json\/wp\/v2\/pages\/25225\/revisions"}],"up":[{"embeddable":true,"href":"https:\/\/www.expressplay.com\/es\/wp-json\/wp\/v2\/pages\/234"}],"wp:attachment":[{"href":"https:\/\/www.expressplay.com\/es\/wp-json\/wp\/v2\/media?parent=25225"}],"wp:term":[{"taxonomy":"tax_page_type","embeddable":true,"href":"https:\/\/www.expressplay.com\/es\/wp-json\/wp\/v2\/tax_page_type?post=25225"},{"taxonomy":"author","embeddable":true,"href":"https:\/\/www.expressplay.com\/es\/wp-json\/wp\/v2\/coauthors?post=25225"}],"curies":[{"name":"wp","href":"https:\/\/api.w.org\/{rel}","templated":true}]}}